{"id":271,"date":"2026-03-18T09:39:58","date_gmt":"2026-03-18T09:39:58","guid":{"rendered":"https:\/\/enerveritas.com\/?page_id=271"},"modified":"2026-03-24T05:51:07","modified_gmt":"2026-03-24T05:51:07","slug":"testimonials","status":"publish","type":"page","link":"https:\/\/enerveritas.com\/en\/testimonials\/","title":{"rendered":"EnerVeritas | Successful Projects in Heat Transition"},"content":{"rendered":"<div class=\"wp-block-group alignfull is-style-ext-preset--group--natural-1--section has-background-background-color has-background has-global-padding is-layout-constrained wp-container-core-group-is-layout-e955bbaf wp-block-group-is-layout-constrained\" style=\"margin-top:0;margin-bottom:0;padding-top:var(--wp--preset--spacing--70);padding-bottom:var(--wp--preset--spacing--70)\">\n<div class=\"wp-block-group alignwide ext-is-logical-start has-global-padding is-content-justification-left is-layout-constrained wp-container-core-group-is-layout-20186816 wp-block-group-is-layout-constrained\">\n<h2 class=\"wp-block-heading ext-animate--on\">Was Kunden \u00fcber die Zusammenarbeit sagen<\/h2>\n\n\n\n<p class=\"ext-animate--on\">Erfolgreiche Projekte entstehen durch Vertrauen, Kompetenz und verl\u00e4ssliche Zusammenarbeit. Hier erfahren Sie aus erster Hand, wie Kunden die Arbeit mit EnerVeritas erleben \u2013 von der ersten Analyse bis zur erfolgreichen Projektumsetzung.<\/p>\n<\/div>\n<\/div>\n\n\n\n<div class=\"wp-block-columns alignwide has-background is-layout-flex wp-container-core-columns-is-layout-8bffabeb wp-block-columns-is-layout-flex\" id=\"Paul-Lohse\" style=\"border-style:none;border-width:0px;border-top-left-radius:35px;border-top-right-radius:35px;border-bottom-left-radius:35px;border-bottom-right-radius:35px;background:linear-gradient(325deg,rgba(87,87,87,0.38) 0%,rgb(168,159,132) 100%);margin-top:var(--wp--preset--spacing--30);margin-bottom:var(--wp--preset--spacing--30);padding-top:0;padding-bottom:0\">\n<div class=\"wp-block-column is-layout-flow wp-block-column-is-layout-flow\" style=\"padding-top:var(--wp--preset--spacing--55);flex-basis:33.33%\">\n<div class=\"wp-block-columns is-layout-flex wp-container-core-columns-is-layout-28f84493 wp-block-columns-is-layout-flex\">\n<div class=\"wp-block-column is-layout-flow wp-block-column-is-layout-flow\" style=\"padding-top:var(--wp--preset--spacing--20)\">\n<p class=\"has-text-align-center has-mulish-font-family has-large-font-size\" style=\"border-style:none;border-width:0px;padding-top:var(--wp--preset--spacing--20);padding-bottom:0;line-height:0\"><strong><strong>Paul Lohse<\/strong><\/strong><\/p>\n\n\n\n<p class=\"has-text-align-center has-mulish-font-family has-medium-font-size\" style=\"border-style:none;border-width:0px;line-height:1\"><em>Gesch\u00e4ftsf\u00fchrer<\/em><\/p>\n\n\n\n<div class=\"wp-block-columns is-layout-flex wp-container-core-columns-is-layout-28f84493 wp-block-columns-is-layout-flex\">\n<div class=\"wp-block-column is-layout-flow wp-block-column-is-layout-flow\" style=\"flex-basis:66.66%\">\n<h5 class=\"wp-block-heading has-text-align-center has-mulish-font-family\"><em><em>Fernw\u00e4rme Teltow GmbH<\/em><\/em><\/h5>\n<\/div>\n\n\n\n<div class=\"wp-block-column is-layout-flow wp-block-column-is-layout-flow\" style=\"flex-basis:33.33%\">\n<figure class=\"wp-block-image aligncenter size-full is-resized has-custom-border is-style-ext-preset--image--natural-1--image-1--content-left is-style-ext-preset--image--natural-1--image-1--content-left--2\" style=\"margin-top:var(--wp--preset--spacing--20)\"><img loading=\"lazy\" decoding=\"async\" width=\"512\" height=\"512\" src=\"https:\/\/enerveritas.com\/wp-content\/uploads\/2026\/03\/3_FWT-Logo.png\" alt=\"\" class=\"wp-image-273\" style=\"border-style:none;border-width:0px;border-top-left-radius:0px;border-top-right-radius:0px;border-bottom-left-radius:0px;border-bottom-right-radius:0px;aspect-ratio:2.039934354485777;object-fit:contain;width:200px\" srcset=\"https:\/\/enerveritas.com\/wp-content\/uploads\/2026\/03\/3_FWT-Logo.png 512w, https:\/\/enerveritas.com\/wp-content\/uploads\/2026\/03\/3_FWT-Logo-300x300.png 300w, https:\/\/enerveritas.com\/wp-content\/uploads\/2026\/03\/3_FWT-Logo-150x150.png 150w, https:\/\/enerveritas.com\/wp-content\/uploads\/2026\/03\/3_FWT-Logo-12x12.png 12w\" sizes=\"auto, (max-width: 512px) 100vw, 512px\" \/><\/figure>\n<\/div>\n<\/div>\n\n\n\n<figure class=\"wp-block-image aligncenter size-full\"><img loading=\"lazy\" decoding=\"async\" width=\"2560\" height=\"1920\" src=\"https:\/\/enerveritas.com\/wp-content\/uploads\/2026\/03\/Lohse_Paul_18x24cm_3x4-2-scaled.jpg\" alt=\"\" class=\"wp-image-272\" style=\"object-fit:cover\" srcset=\"https:\/\/enerveritas.com\/wp-content\/uploads\/2026\/03\/Lohse_Paul_18x24cm_3x4-2-scaled.jpg 2560w, https:\/\/enerveritas.com\/wp-content\/uploads\/2026\/03\/Lohse_Paul_18x24cm_3x4-2-300x225.jpg 300w, https:\/\/enerveritas.com\/wp-content\/uploads\/2026\/03\/Lohse_Paul_18x24cm_3x4-2-1024x768.jpg 1024w, https:\/\/enerveritas.com\/wp-content\/uploads\/2026\/03\/Lohse_Paul_18x24cm_3x4-2-768x576.jpg 768w, https:\/\/enerveritas.com\/wp-content\/uploads\/2026\/03\/Lohse_Paul_18x24cm_3x4-2-1536x1152.jpg 1536w, https:\/\/enerveritas.com\/wp-content\/uploads\/2026\/03\/Lohse_Paul_18x24cm_3x4-2-2048x1536.jpg 2048w, https:\/\/enerveritas.com\/wp-content\/uploads\/2026\/03\/Lohse_Paul_18x24cm_3x4-2-16x12.jpg 16w\" sizes=\"auto, (max-width: 2560px) 100vw, 2560px\" \/><\/figure>\n<\/div>\n<\/div>\n<\/div>\n\n\n\n<div class=\"wp-block-column is-layout-flow wp-block-column-is-layout-flow\" style=\"flex-basis:66.66%\">\n<div class=\"wp-block-columns is-layout-flex wp-container-core-columns-is-layout-28f84493 wp-block-columns-is-layout-flex\">\n<div class=\"wp-block-column is-layout-flow wp-block-column-is-layout-flow\">\n<blockquote class=\"wp-block-quote is-layout-flow wp-block-quote-is-layout-flow\">\n<p class=\"has-mulish-font-family\" style=\"font-size:clamp(0.875rem, 0.875rem + ((1vw - 0.2rem) * 0.708), 1.3rem);line-height:2\"><strong><em>Klare Struktur, starkes Netzwerk und l\u00f6sungsorientiertes Vorgehen \u2013 genau die richtige Unterst\u00fctzung f\u00fcr anspruchsvolle Projekte.<\/em><\/strong><br><br>Die Zusammenarbeit mit Alex ist sehr angenehm, zuverl\u00e4ssig und unkompliziert. Er arbeitet strukturiert und analytisch, kommuniziert klar und transparent und h\u00e4lt vereinbarte Termine ein. Besonders sch\u00e4tze ich, dass er sich zuerst einen guten \u00dcberblick verschafft und anschlie\u00dfend nachvollziehbare und praktikable L\u00f6sungen entwickelt. Dabei arbeitet er sehr selbstst\u00e4ndig und beh\u00e4lt immer das Gesamtbild im Blick.<br><br>Eine Besonderheit ist, dass er Themen im Gesamtzusammenhang betrachtet und ein gutes Verst\u00e4ndnis f\u00fcr technische und wirtschaftliche Zusammenh\u00e4nge mitbringt. Besonders hilfreich ist sein gutes Netzwerk sowie seine pragmatische und l\u00f6sungsorientierte Herangehensweise.<br><br>In unserer Zusammenarbeit \u00fcbernimmt Alex Verantwortung f\u00fcr seine Aufgaben und sorgt daf\u00fcr, dass Projekte z\u00fcgig vorankommen und vereinbarte Meilensteine erreicht werden. Auch anspruchsvollere Fragestellungen konnten dadurch schnell gekl\u00e4rt und umgesetzt werden. Er tr\u00e4gt ma\u00dfgeblich dazu bei, dass Projekte effizient und erfolgreich umgesetzt werden.<\/p>\n<\/blockquote>\n<\/div>\n<\/div>\n<\/div>\n<\/div>\n\n\n\n<div class=\"wp-block-columns alignwide has-background has-mulish-font-family is-layout-flex wp-container-core-columns-is-layout-8bffabeb wp-block-columns-is-layout-flex\" id=\"Michael-Denef\" style=\"border-style:none;border-width:0px;border-top-left-radius:35px;border-top-right-radius:35px;border-bottom-left-radius:35px;border-bottom-right-radius:35px;background:linear-gradient(325deg,rgba(87,87,87,0.38) 0%,rgb(168,159,132) 100%);margin-top:var(--wp--preset--spacing--30);margin-bottom:var(--wp--preset--spacing--30);padding-top:0;padding-bottom:0\">\n<div class=\"wp-block-column is-layout-flow wp-block-column-is-layout-flow\" style=\"padding-top:var(--wp--preset--spacing--55);flex-basis:33.33%\">\n<div class=\"wp-block-columns is-layout-flex wp-container-core-columns-is-layout-28f84493 wp-block-columns-is-layout-flex\">\n<div class=\"wp-block-column is-layout-flow wp-block-column-is-layout-flow\" style=\"padding-top:var(--wp--preset--spacing--20)\">\n<p class=\"has-text-align-center has-large-font-size\" style=\"border-style:none;border-width:0px;padding-top:var(--wp--preset--spacing--20);padding-bottom:0;line-height:0\"><strong>Michael Denef<\/strong><\/p>\n\n\n\n<p class=\"has-text-align-center has-medium-font-size\" style=\"border-style:none;border-width:0px;line-height:1\">Technischer Leiter (Prokurist)<\/p>\n\n\n\n<div class=\"wp-block-columns is-layout-flex wp-container-core-columns-is-layout-28f84493 wp-block-columns-is-layout-flex\">\n<div class=\"wp-block-column is-layout-flow wp-block-column-is-layout-flow\" style=\"flex-basis:66.66%\">\n<h5 class=\"wp-block-heading has-text-align-center\"><em>Stadtwerke Delitzsch GmbH<\/em><\/h5>\n<\/div>\n\n\n\n<div class=\"wp-block-column is-layout-flow wp-block-column-is-layout-flow\" style=\"flex-basis:33.33%\">\n<figure class=\"wp-block-image aligncenter size-large is-resized has-custom-border is-style-ext-preset--image--natural-1--image-1--content-left is-style-ext-preset--image--natural-1--image-1--content-left--3\" style=\"margin-top:var(--wp--preset--spacing--20)\"><img loading=\"lazy\" decoding=\"async\" width=\"1024\" height=\"502\" src=\"https:\/\/enerveritas.com\/wp-content\/uploads\/2026\/03\/Stadtwerke_Delitzsch_logo.svg_-1024x502.png\" alt=\"\" class=\"wp-image-283\" style=\"border-style:none;border-width:0px;border-top-left-radius:0px;border-top-right-radius:0px;border-bottom-left-radius:0px;border-bottom-right-radius:0px;aspect-ratio:2.039934354485777;object-fit:contain;width:150px\" srcset=\"https:\/\/enerveritas.com\/wp-content\/uploads\/2026\/03\/Stadtwerke_Delitzsch_logo.svg_-1024x502.png 1024w, https:\/\/enerveritas.com\/wp-content\/uploads\/2026\/03\/Stadtwerke_Delitzsch_logo.svg_-300x147.png 300w, https:\/\/enerveritas.com\/wp-content\/uploads\/2026\/03\/Stadtwerke_Delitzsch_logo.svg_-768x377.png 768w, https:\/\/enerveritas.com\/wp-content\/uploads\/2026\/03\/Stadtwerke_Delitzsch_logo.svg_-1536x753.png 1536w, https:\/\/enerveritas.com\/wp-content\/uploads\/2026\/03\/Stadtwerke_Delitzsch_logo.svg_-2048x1004.png 2048w, https:\/\/enerveritas.com\/wp-content\/uploads\/2026\/03\/Stadtwerke_Delitzsch_logo.svg_-18x9.png 18w\" sizes=\"auto, (max-width: 1024px) 100vw, 1024px\" \/><\/figure>\n<\/div>\n<\/div>\n\n\n\n<figure class=\"wp-block-image aligncenter size-full\"><img loading=\"lazy\" decoding=\"async\" width=\"240\" height=\"240\" src=\"https:\/\/enerveritas.com\/wp-content\/uploads\/2026\/03\/SWD-Mitarbeiter_Michael-Denef_01.png\" alt=\"\" class=\"wp-image-282\" style=\"object-fit:cover\" srcset=\"https:\/\/enerveritas.com\/wp-content\/uploads\/2026\/03\/SWD-Mitarbeiter_Michael-Denef_01.png 240w, https:\/\/enerveritas.com\/wp-content\/uploads\/2026\/03\/SWD-Mitarbeiter_Michael-Denef_01-150x150.png 150w, https:\/\/enerveritas.com\/wp-content\/uploads\/2026\/03\/SWD-Mitarbeiter_Michael-Denef_01-12x12.png 12w\" sizes=\"auto, (max-width: 240px) 100vw, 240px\" \/><\/figure>\n<\/div>\n<\/div>\n<\/div>\n\n\n\n<div class=\"wp-block-column is-layout-flow wp-block-column-is-layout-flow\" style=\"flex-basis:66.66%\">\n<div class=\"wp-block-columns is-layout-flex wp-container-core-columns-is-layout-28f84493 wp-block-columns-is-layout-flex\">\n<div class=\"wp-block-column is-layout-flow wp-block-column-is-layout-flow\">\n<blockquote class=\"wp-block-quote is-layout-flow wp-block-quote-is-layout-flow\">\n<p style=\"font-size:clamp(0.875rem, 0.875rem + ((1vw - 0.2rem) * 0.708), 1.3rem);line-height:2\"><strong><em>Herr Lehe hat unser komplexes Projekt mit hoher Kompetenz und Engagement zum Erfolg gef\u00fchrt.<\/em><\/strong><br><br>Alexander Lehe hat in der ingenieurtechnischen Planung f\u00fcr zwei gro\u00dfe Dekarbonisierungs-Projekte unserer W\u00e4rmeversorgung mit uns zusammengearbeitet. Er kommuniziert klar und proaktiv, erfasst komplexe Herausforderungen sehr schnell und setzt sie in den Planungen um.<br><br>Besonders beeindruckend: Seine sehr hohe fachliche Kompetenz bei erneuerbaren Energien und den komplexen Zusammenh\u00e4ngen der einzelnen Systeme. Die Wirtschaftlichkeit in Verbindung mit F\u00f6rdermitteln hatte er dabei stets im Blick. Bei unserem Solarthermie-Projekt wurden die simulierten Betriebswerte im tats\u00e4chlichen Betrieb zu unserer vollsten Zufriedenheit erreicht.<br><br>Durch seine sehr freundliche und kompetente Art hatten wir immer das Gef\u00fchl, in den richtigen H\u00e4nden zu sein. Alle Termine wurden eingehalten. Er hat unser komplexes Projekt mit hoher Kompetenz und Engagement zum Erfolg gef\u00fchrt.<\/p>\n<\/blockquote>\n<\/div>\n<\/div>\n<\/div>\n<\/div>","protected":false},"excerpt":{"rendered":"<p>Was Kunden \u00fcber die Zusammenarbeit sagen Erfolgreiche Projekte entstehen durch Vertrauen, Kompetenz und verl\u00e4ssliche Zusammenarbeit. Hier erfahren Sie aus erster Hand, wie Kunden die Arbeit mit EnerVeritas erleben \u2013 von der ersten Analyse bis zur erfolgreichen Projektumsetzung. Paul Lohse Gesch\u00e4ftsf\u00fchrer Fernw\u00e4rme Teltow GmbH Klare Struktur, starkes Netzwerk und l\u00f6sungsorientiertes Vorgehen \u2013 genau die richtige Unterst\u00fctzung [&hellip;]<\/p>\n","protected":false},"author":1,"featured_media":0,"parent":0,"menu_order":0,"comment_status":"closed","ping_status":"closed","template":"page-with-title","meta":{"_monsterinsights_skip_tracking":false,"_monsterinsights_sitenote_active":false,"_monsterinsights_sitenote_note":"","_monsterinsights_sitenote_category":0,"_uf_show_specific_survey":0,"_uf_disable_surveys":false,"footnotes":""},"class_list":["post-271","page","type-page","status-publish","hentry"],"aioseo_notices":[],"_links":{"self":[{"href":"https:\/\/enerveritas.com\/en\/wp-json\/wp\/v2\/pages\/271","targetHints":{"allow":["GET"]}}],"collection":[{"href":"https:\/\/enerveritas.com\/en\/wp-json\/wp\/v2\/pages"}],"about":[{"href":"https:\/\/enerveritas.com\/en\/wp-json\/wp\/v2\/types\/page"}],"author":[{"embeddable":true,"href":"https:\/\/enerveritas.com\/en\/wp-json\/wp\/v2\/users\/1"}],"replies":[{"embeddable":true,"href":"https:\/\/enerveritas.com\/en\/wp-json\/wp\/v2\/comments?post=271"}],"version-history":[{"count":43,"href":"https:\/\/enerveritas.com\/en\/wp-json\/wp\/v2\/pages\/271\/revisions"}],"predecessor-version":[{"id":337,"href":"https:\/\/enerveritas.com\/en\/wp-json\/wp\/v2\/pages\/271\/revisions\/337"}],"wp:attachment":[{"href":"https:\/\/enerveritas.com\/en\/wp-json\/wp\/v2\/media?parent=271"}],"curies":[{"name":"wp","href":"https:\/\/api.w.org\/{rel}","templated":true}]}}