{"id":25,"date":"2025-04-14T08:34:40","date_gmt":"2025-04-14T08:34:40","guid":{"rendered":"https:\/\/enerveritas.com\/about\/"},"modified":"2025-09-04T19:38:46","modified_gmt":"2025-09-04T19:38:46","slug":"about","status":"publish","type":"page","link":"https:\/\/enerveritas.com\/en\/about\/","title":{"rendered":"Your Trusted Partner for Sustainable Energy Projects"},"content":{"rendered":"<div class=\"wp-block-group alignfull has-foreground-background-color has-background has-global-padding is-layout-constrained wp-block-group-is-layout-constrained\" style=\"margin-top:0;margin-bottom:0;padding-top:0;padding-bottom:0\">\n<div class=\"wp-block-group alignwide has-global-padding is-layout-constrained wp-block-group-is-layout-constrained\" style=\"padding-top:var(--wp--preset--spacing--30);padding-bottom:var(--wp--preset--spacing--30)\">\n<h1 class=\"wp-block-heading alignwide has-background-color has-text-color\" style=\"font-size:clamp(0.875rem, 0.875rem + ((1vw - 0.2rem) * 0.625), 1.25rem);\">About<\/h1>\n<\/div>\n<\/div>\n\n\n\n<div class=\"wp-block-group alignfull has-tertiary-background-color has-background is-vertical is-layout-flex wp-container-core-group-is-layout-f2bee41a wp-block-group-is-layout-flex\" id=\"about\" style=\"margin-top:0;margin-bottom:0;padding-top:var(--wp--preset--spacing--60);padding-right:var(--wp--preset--spacing--30);padding-bottom:var(--wp--preset--spacing--60);padding-left:var(--wp--preset--spacing--30)\">\n<div class=\"wp-block-columns alignwide are-vertically-aligned-center is-layout-flex wp-container-core-columns-is-layout-47c06fe3 wp-block-columns-is-layout-flex\">\n<div class=\"wp-block-column is-vertically-aligned-center is-layout-flow wp-block-column-is-layout-flow\" style=\"flex-basis:33.3%\">\n<h1 class=\"wp-block-heading has-text-align-left has-large-font-size\">Your partner for <br>sustainable energy projects <br>and modern heating solutions<\/h1>\n\n\n\n<p style=\"margin-top:16px\">EnerVeritas was founded by Alexander Lehe, an experienced project engineer and Business Administration and Engineering specialist with a focus on sustainable heat supply.<br>With a proven track record in all project phases and strong leadership skills, we deliver tailored solutions for municipalities, public utilities, and businesses. Our interdisciplinary expertise combines technological innovation with economic efficiency-for a future-proof energy supply.<\/p>\n<\/div>\n\n\n\n<div class=\"wp-block-column is-vertically-aligned-center is-layout-flow wp-container-core-column-is-layout-f5bb311e wp-block-column-is-layout-flow\" style=\"flex-basis:50%\">\n<figure class=\"wp-block-gallery has-nested-images columns-default is-cropped wp-block-gallery-1 is-layout-flex wp-block-gallery-is-layout-flex\">\n<figure class=\"wp-block-image size-large\"><img loading=\"lazy\" decoding=\"async\" width=\"585\" height=\"1024\" data-id=\"91\" src=\"https:\/\/enerveritas.com\/wp-content\/uploads\/2025\/04\/1745752545142-585x1024.jpg\" alt=\"\" class=\"wp-image-91\" style=\"aspect-ratio:3\/4;object-fit:cover\" srcset=\"https:\/\/enerveritas.com\/wp-content\/uploads\/2025\/04\/1745752545142-585x1024.jpg 585w, https:\/\/enerveritas.com\/wp-content\/uploads\/2025\/04\/1745752545142-171x300.jpg 171w, https:\/\/enerveritas.com\/wp-content\/uploads\/2025\/04\/1745752545142-7x12.jpg 7w, https:\/\/enerveritas.com\/wp-content\/uploads\/2025\/04\/1745752545142.jpg 768w\" sizes=\"auto, (max-width: 585px) 100vw, 585px\" \/><\/figure>\n\n\n\n<figure class=\"wp-block-image is-style-default\"><img loading=\"lazy\" decoding=\"async\" width=\"1440\" height=\"960\" data-id=\"49\" src=\"https:\/\/enerveritas.com\/wp-content\/uploads\/2025\/04\/e3934957beb86aeb96da7f57f9cb5909558658d0.jpg\" alt=\"\" class=\"wp-image-49\" style=\"aspect-ratio:3\/4;object-fit:cover\" srcset=\"https:\/\/enerveritas.com\/wp-content\/uploads\/2025\/04\/e3934957beb86aeb96da7f57f9cb5909558658d0.jpg 1440w, https:\/\/enerveritas.com\/wp-content\/uploads\/2025\/04\/e3934957beb86aeb96da7f57f9cb5909558658d0-300x200.jpg 300w, https:\/\/enerveritas.com\/wp-content\/uploads\/2025\/04\/e3934957beb86aeb96da7f57f9cb5909558658d0-1024x683.jpg 1024w, https:\/\/enerveritas.com\/wp-content\/uploads\/2025\/04\/e3934957beb86aeb96da7f57f9cb5909558658d0-768x512.jpg 768w\" sizes=\"auto, (max-width: 1440px) 100vw, 1440px\" \/><\/figure>\n<\/figure>\n<\/div>\n<\/div>\n<\/div>\n\n\n\n<div class=\"wp-block-group alignfull has-background-background-color has-background has-global-padding is-layout-constrained wp-container-core-group-is-layout-7276a2bb wp-block-group-is-layout-constrained\" id=\"team\" style=\"margin-top:0;margin-bottom:0;padding-top:var(--wp--preset--spacing--60);padding-right:var(--wp--preset--spacing--30);padding-bottom:var(--wp--preset--spacing--60);padding-left:var(--wp--preset--spacing--30)\">\n<div class=\"wp-block-group alignwide is-vertical is-layout-flex wp-container-core-group-is-layout-fe9cc265 wp-block-group-is-layout-flex\">\n<div class=\"wp-block-group has-global-padding is-content-justification-left is-layout-constrained wp-container-core-group-is-layout-12dd3699 wp-block-group-is-layout-constrained\">\n<h2 class=\"wp-block-heading alignwide has-large-font-size\">Shaping the future \u2013 Rethinking energy sustainably<\/h2>\n\n\n\n<p class=\"has-text-align-left\" style=\"margin-top:16px\">Discover the people behind EnerVeritas<\/p>\n\n\n\n<div class=\"wp-block-buttons is-layout-flex wp-container-core-buttons-is-layout-e87eef10 wp-block-buttons-is-layout-flex\" style=\"margin-top:var(--wp--preset--spacing--30)\">\n<div class=\"wp-block-button is-style-fill\"><a class=\"wp-block-button__link has-text-color has-background has-link-color wp-element-button\" href=\"https:\/\/enerveritas.com\/en\/team\/\" style=\"color:#111111;background-color:#fcfcfc\">Learn More<\/a><\/div>\n<\/div>\n<\/div>\n<\/div>\n\n\n\n<div class=\"wp-block-columns alignwide is-layout-flex wp-container-core-columns-is-layout-28f84493 wp-block-columns-is-layout-flex\">\n<div class=\"wp-block-column is-layout-flow wp-container-core-column-is-layout-5dafc681 wp-block-column-is-layout-flow\"><\/div>\n<\/div>\n<\/div>","protected":false},"excerpt":{"rendered":"<p>\u00dcber uns Ihr Partner f\u00fcr nachhaltige Energieprojekte und moderne W\u00e4rmel\u00f6sungen EnerVeritas wurde von Alexander Lehe gegr\u00fcndet, einem erfahrenen Projektingenieur und Wirtschaftsingenieur mit dem Schwerpunkt nachhaltige W\u00e4rmeversorgung.Mit nachgewiesener Erfolgsbilanz in allen Projektphasen und starker F\u00fchrungskompetenz realisieren wir massgeschneiderte L\u00f6sungen f\u00fcr Kommunen, Stadtwerke und Unternehmen. Unsere interdisziplin\u00e4re Expertise vereint technologische Innovation mit wirtschaftlicher Effizienz \u2013 f\u00fcr eine [&hellip;]<\/p>\n","protected":false},"author":1,"featured_media":0,"parent":0,"menu_order":0,"comment_status":"closed","ping_status":"closed","template":"no-title","meta":{"_monsterinsights_skip_tracking":false,"_monsterinsights_sitenote_active":false,"_monsterinsights_sitenote_note":"","_monsterinsights_sitenote_category":0,"_uf_show_specific_survey":0,"_uf_disable_surveys":false,"footnotes":""},"class_list":["post-25","page","type-page","status-publish","hentry"],"aioseo_notices":[],"_links":{"self":[{"href":"https:\/\/enerveritas.com\/en\/wp-json\/wp\/v2\/pages\/25","targetHints":{"allow":["GET"]}}],"collection":[{"href":"https:\/\/enerveritas.com\/en\/wp-json\/wp\/v2\/pages"}],"about":[{"href":"https:\/\/enerveritas.com\/en\/wp-json\/wp\/v2\/types\/page"}],"author":[{"embeddable":true,"href":"https:\/\/enerveritas.com\/en\/wp-json\/wp\/v2\/users\/1"}],"replies":[{"embeddable":true,"href":"https:\/\/enerveritas.com\/en\/wp-json\/wp\/v2\/comments?post=25"}],"version-history":[{"count":12,"href":"https:\/\/enerveritas.com\/en\/wp-json\/wp\/v2\/pages\/25\/revisions"}],"predecessor-version":[{"id":248,"href":"https:\/\/enerveritas.com\/en\/wp-json\/wp\/v2\/pages\/25\/revisions\/248"}],"wp:attachment":[{"href":"https:\/\/enerveritas.com\/en\/wp-json\/wp\/v2\/media?parent=25"}],"curies":[{"name":"wp","href":"https:\/\/api.w.org\/{rel}","templated":true}]}}