{"id":23,"date":"2025-04-14T08:34:40","date_gmt":"2025-04-14T08:34:40","guid":{"rendered":"https:\/\/enerveritas.com\/services\/"},"modified":"2025-09-04T19:36:52","modified_gmt":"2025-09-04T19:36:52","slug":"services","status":"publish","type":"page","link":"https:\/\/enerveritas.com\/en\/services\/","title":{"rendered":"Sustainable Energy Expertise for Reliable Supply and Efficiency"},"content":{"rendered":"<div class=\"wp-block-group alignfull has-foreground-background-color has-background has-global-padding is-layout-constrained wp-block-group-is-layout-constrained\" style=\"margin-top:0;margin-bottom:0;padding-top:0;padding-bottom:0\">\n<div class=\"wp-block-group alignwide has-global-padding is-layout-constrained wp-block-group-is-layout-constrained\" style=\"padding-top:var(--wp--preset--spacing--30);padding-bottom:var(--wp--preset--spacing--30)\">\n<h1 class=\"wp-block-heading alignwide has-background-color has-text-color\" style=\"font-size:clamp(0.875rem, 0.875rem + ((1vw - 0.2rem) * 0.625), 1.25rem);\">Your Experts for Innovative Energy Solutions and Sustainable Supply<\/h1>\n<\/div>\n<\/div>\n\n\n\n<div class=\"wp-block-group alignfull has-tertiary-background-color has-background has-global-padding is-layout-constrained wp-container-core-group-is-layout-7276a2bb wp-block-group-is-layout-constrained\" id=\"services\" style=\"margin-top:0;margin-bottom:0;padding-top:var(--wp--preset--spacing--60);padding-right:var(--wp--preset--spacing--30);padding-bottom:var(--wp--preset--spacing--60);padding-left:var(--wp--preset--spacing--30)\">\n<div class=\"wp-block-group alignwide has-global-padding is-layout-constrained wp-block-group-is-layout-constrained\">\n<div class=\"wp-block-group alignwide has-global-padding is-layout-constrained wp-block-group-is-layout-constrained\">\n<div class=\"wp-block-columns alignwide are-vertically-aligned-center is-layout-flex wp-container-core-columns-is-layout-28f84493 wp-block-columns-is-layout-flex\">\n<div class=\"wp-block-column is-vertically-aligned-center is-layout-flow wp-block-column-is-layout-flow\">\n<div class=\"wp-block-columns is-layout-flex wp-container-core-columns-is-layout-28f84493 wp-block-columns-is-layout-flex\">\n<div class=\"wp-block-column is-layout-flow wp-block-column-is-layout-flow\" style=\"flex-basis:100%\">\n<div class=\"wp-block-group has-global-padding is-layout-constrained wp-block-group-is-layout-constrained\">\n<figure class=\"wp-block-image is-style-default\"><img loading=\"lazy\" decoding=\"async\" width=\"1024\" height=\"1024\" src=\"https:\/\/enerveritas.com\/wp-content\/uploads\/2025\/07\/aiease_1753521535983.jpg\" alt=\"\" class=\"wp-image-204\" srcset=\"https:\/\/enerveritas.com\/wp-content\/uploads\/2025\/07\/aiease_1753521535983.jpg 1024w, https:\/\/enerveritas.com\/wp-content\/uploads\/2025\/07\/aiease_1753521535983-300x300.jpg 300w, https:\/\/enerveritas.com\/wp-content\/uploads\/2025\/07\/aiease_1753521535983-150x150.jpg 150w, https:\/\/enerveritas.com\/wp-content\/uploads\/2025\/07\/aiease_1753521535983-768x768.jpg 768w, https:\/\/enerveritas.com\/wp-content\/uploads\/2025\/07\/aiease_1753521535983-12x12.jpg 12w\" sizes=\"auto, (max-width: 1024px) 100vw, 1024px\" \/><\/figure>\n<\/div>\n<\/div>\n<\/div>\n<\/div>\n\n\n\n<div class=\"wp-block-column is-vertically-aligned-center is-layout-flow wp-block-column-is-layout-flow\">\n<div class=\"wp-block-group has-global-padding is-layout-constrained wp-block-group-is-layout-constrained\">\n<div class=\"wp-block-group has-global-padding is-layout-constrained wp-block-group-is-layout-constrained\">\n<h4 class=\"wp-block-heading\" style=\"font-size:clamp(14px, 0.875rem + ((1vw - 3.2px) * 0.625), 20px);line-height:1.5\"><mark style=\"background-color:rgba(0, 0, 0, 0)\" class=\"has-inline-color has-primary-color\">Consulting &amp; Analysis<\/mark><\/h4>\n<\/div>\n<\/div>\n\n\n\n<div class=\"wp-block-group has-global-padding is-layout-constrained wp-block-group-is-layout-constrained\">\n<h3 class=\"wp-block-heading\" style=\"font-size:clamp(14px, 0.875rem + ((1vw - 3.2px) * 0.625), 20px);line-height:1.5\">Individual Consulting<\/h3>\n\n\n\n<p class=\"has-small-font-size\" style=\"margin-top:8px\">Personalized Support and Tailored Solutions for Sustainable Heating, Cooling, and Power Supply from Concept to Implementation.<\/p>\n<\/div>\n\n\n\n<div class=\"wp-block-group has-global-padding is-layout-constrained wp-block-group-is-layout-constrained\">\n<h3 class=\"wp-block-heading\" style=\"font-size:clamp(14px, 0.875rem + ((1vw - 3.2px) * 0.625), 20px);line-height:1.5\">Energy Demand Analyses &amp; Audits<\/h3>\n\n\n\n<p class=\"has-small-font-size\" style=\"margin-top:8px\">Comprehensive analysis of your energy consumption for heating, cooling, and electricity, as well as systematic audits to identify savings and optimization potentials.<\/p>\n<\/div>\n<\/div>\n<\/div>\n<\/div>\n<\/div>\n\n\n\n<div class=\"wp-block-group alignwide has-global-padding is-layout-constrained wp-block-group-is-layout-constrained\">\n<div class=\"wp-block-columns alignwide are-vertically-aligned-center is-layout-flex wp-container-core-columns-is-layout-28f84493 wp-block-columns-is-layout-flex\">\n<div class=\"wp-block-column is-vertically-aligned-center is-layout-flow wp-block-column-is-layout-flow\">\n<div class=\"wp-block-columns is-layout-flex wp-container-core-columns-is-layout-28f84493 wp-block-columns-is-layout-flex\">\n<div class=\"wp-block-column is-layout-flow wp-block-column-is-layout-flow\" style=\"flex-basis:100%\">\n<figure class=\"wp-block-image size-full\"><img loading=\"lazy\" decoding=\"async\" width=\"1024\" height=\"1024\" src=\"https:\/\/enerveritas.com\/wp-content\/uploads\/2025\/07\/aiease_1753535441959.jpg\" alt=\"\" class=\"wp-image-209\" style=\"aspect-ratio:1;object-fit:cover\" srcset=\"https:\/\/enerveritas.com\/wp-content\/uploads\/2025\/07\/aiease_1753535441959.jpg 1024w, https:\/\/enerveritas.com\/wp-content\/uploads\/2025\/07\/aiease_1753535441959-300x300.jpg 300w, https:\/\/enerveritas.com\/wp-content\/uploads\/2025\/07\/aiease_1753535441959-150x150.jpg 150w, https:\/\/enerveritas.com\/wp-content\/uploads\/2025\/07\/aiease_1753535441959-768x768.jpg 768w, https:\/\/enerveritas.com\/wp-content\/uploads\/2025\/07\/aiease_1753535441959-12x12.jpg 12w\" sizes=\"auto, (max-width: 1024px) 100vw, 1024px\" \/><\/figure>\n<\/div>\n<\/div>\n<\/div>\n\n\n\n<div class=\"wp-block-column is-vertically-aligned-center is-layout-flow wp-block-column-is-layout-flow\">\n<div class=\"wp-block-group has-global-padding is-layout-constrained wp-block-group-is-layout-constrained\">\n<div class=\"wp-block-group has-global-padding is-layout-constrained wp-block-group-is-layout-constrained\">\n<h4 class=\"wp-block-heading\" style=\"font-size:clamp(14px, 0.875rem + ((1vw - 3.2px) * 0.625), 20px);line-height:1.5\"><mark style=\"background-color:rgba(0, 0, 0, 0)\" class=\"has-inline-color has-primary-color\">Planning &amp; Concept Development<\/mark><\/h4>\n<\/div>\n<\/div>\n\n\n\n<div class=\"wp-block-group has-global-padding is-layout-constrained wp-block-group-is-layout-constrained\">\n<h3 class=\"wp-block-heading\" style=\"font-size:clamp(14px, 0.875rem + ((1vw - 3.2px) * 0.625), 20px);line-height:1.5\">Concept development for sustainable energy supply<\/h3>\n\n\n\n<p class=\"has-small-font-size\" style=\"margin-top:8px\">Development of innovative concepts for efficient heating, cooling, and power supply including sector coupling and integrated storage systems.<\/p>\n<\/div>\n\n\n\n<div class=\"wp-block-group has-global-padding is-layout-constrained wp-block-group-is-layout-constrained\">\n<h3 class=\"wp-block-heading\" style=\"font-size:clamp(14px, 0.875rem + ((1vw - 3.2px) * 0.625), 20px);line-height:1.5\">Feasibility Studies<\/h3>\n\n\n\n<p class=\"has-small-font-size\" style=\"margin-top:8px\">Technical and economic feasibility assessment as well as selection of the best solutions for heating, cooling, and power projects.<\/p>\n\n\n\n<h3 class=\"wp-block-heading\" style=\"font-size:clamp(14px, 0.875rem + ((1vw - 3.2px) * 0.625), 20px);line-height:1.5\">Cost determination &amp; budget planning<\/h3>\n\n\n\n<p class=\"has-small-font-size\" style=\"margin-top:8px\">Transparent and realistic cost estimates for reliable budget planning across all energy types.<\/p>\n\n\n\n<h3 class=\"wp-block-heading\" style=\"font-size:clamp(14px, 0.875rem + ((1vw - 3.2px) * 0.625), 20px);line-height:1.5\">Profitability analyses and investment consulting<\/h3>\n\n\n\n<p class=\"has-small-font-size\" style=\"margin-top:8px\">Thorough evaluations to ensure economically viable and sustainable investment decisions in heating, cooling, and power systems.<\/p>\n<\/div>\n<\/div>\n<\/div>\n<\/div>\n\n\n\n<div class=\"wp-block-columns alignwide are-vertically-aligned-center is-layout-flex wp-container-core-columns-is-layout-28f84493 wp-block-columns-is-layout-flex\">\n<div class=\"wp-block-column is-vertically-aligned-center is-layout-flow wp-block-column-is-layout-flow\">\n<figure class=\"wp-block-image size-full\"><img loading=\"lazy\" decoding=\"async\" width=\"1024\" height=\"1024\" src=\"https:\/\/enerveritas.com\/wp-content\/uploads\/2025\/07\/aiease_1753535903417.jpg\" alt=\"\" class=\"wp-image-214\" style=\"aspect-ratio:1;object-fit:cover\" srcset=\"https:\/\/enerveritas.com\/wp-content\/uploads\/2025\/07\/aiease_1753535903417.jpg 1024w, https:\/\/enerveritas.com\/wp-content\/uploads\/2025\/07\/aiease_1753535903417-300x300.jpg 300w, https:\/\/enerveritas.com\/wp-content\/uploads\/2025\/07\/aiease_1753535903417-150x150.jpg 150w, https:\/\/enerveritas.com\/wp-content\/uploads\/2025\/07\/aiease_1753535903417-768x768.jpg 768w, https:\/\/enerveritas.com\/wp-content\/uploads\/2025\/07\/aiease_1753535903417-12x12.jpg 12w\" sizes=\"auto, (max-width: 1024px) 100vw, 1024px\" \/><\/figure>\n<\/div>\n\n\n\n<div class=\"wp-block-column is-vertically-aligned-center is-layout-flow wp-block-column-is-layout-flow\">\n<div class=\"wp-block-group has-global-padding is-layout-constrained wp-block-group-is-layout-constrained\">\n<div class=\"wp-block-group has-global-padding is-layout-constrained wp-block-group-is-layout-constrained\">\n<h4 class=\"wp-block-heading\" style=\"font-size:clamp(14px, 0.875rem + ((1vw - 3.2px) * 0.625), 20px);line-height:1.5\"><mark style=\"background-color:rgba(0, 0, 0, 0)\" class=\"has-inline-color has-primary-color\">Implementation &amp; Technology<\/mark><\/h4>\n<\/div>\n<\/div>\n\n\n\n<div class=\"wp-block-group has-global-padding is-layout-constrained wp-block-group-is-layout-constrained\">\n<h3 class=\"wp-block-heading\" style=\"font-size:clamp(14px, 0.875rem + ((1vw - 3.2px) * 0.625), 20px);line-height:1.5\">Project Management &amp; Support<\/h3>\n\n\n\n<p class=\"has-small-font-size\" style=\"margin-top:8px\">Reliable support for your project \u2013 including client representation, coordination, and cost control.<\/p>\n<\/div>\n\n\n\n<div class=\"wp-block-group has-global-padding is-layout-constrained wp-block-group-is-layout-constrained\">\n<h3 class=\"wp-block-heading\" style=\"font-size:clamp(14px, 0.875rem + ((1vw - 3.2px) * 0.625), 20px);line-height:1.5\">Support for heat transformation plans<\/h3>\n\n\n\n<p class=\"has-small-font-size\" style=\"margin-top:8px\">Support in the creation and implementation of individual heat transformation plans according to legal requirements.<\/p>\n<\/div>\n<\/div>\n<\/div>\n\n\n\n<div class=\"wp-block-columns alignwide are-vertically-aligned-center is-layout-flex wp-container-core-columns-is-layout-28f84493 wp-block-columns-is-layout-flex\">\n<div class=\"wp-block-column is-vertically-aligned-center is-layout-flow wp-block-column-is-layout-flow\">\n<figure class=\"wp-block-image size-full\"><img loading=\"lazy\" decoding=\"async\" width=\"1024\" height=\"1024\" src=\"https:\/\/enerveritas.com\/wp-content\/uploads\/2025\/07\/aiease_1753537133670.jpg\" alt=\"\" class=\"wp-image-217\" style=\"aspect-ratio:1;object-fit:cover\" srcset=\"https:\/\/enerveritas.com\/wp-content\/uploads\/2025\/07\/aiease_1753537133670.jpg 1024w, https:\/\/enerveritas.com\/wp-content\/uploads\/2025\/07\/aiease_1753537133670-300x300.jpg 300w, https:\/\/enerveritas.com\/wp-content\/uploads\/2025\/07\/aiease_1753537133670-150x150.jpg 150w, https:\/\/enerveritas.com\/wp-content\/uploads\/2025\/07\/aiease_1753537133670-768x768.jpg 768w, https:\/\/enerveritas.com\/wp-content\/uploads\/2025\/07\/aiease_1753537133670-12x12.jpg 12w\" sizes=\"auto, (max-width: 1024px) 100vw, 1024px\" \/><\/figure>\n<\/div>\n\n\n\n<div class=\"wp-block-column is-vertically-aligned-center is-layout-flow wp-block-column-is-layout-flow\">\n<div class=\"wp-block-group has-global-padding is-layout-constrained wp-block-group-is-layout-constrained\">\n<div class=\"wp-block-group has-global-padding is-layout-constrained wp-block-group-is-layout-constrained\">\n<h4 class=\"wp-block-heading\" style=\"font-size:clamp(14px, 0.875rem + ((1vw - 3.2px) * 0.625), 20px);line-height:1.5\"><mark style=\"background-color:rgba(0, 0, 0, 0)\" class=\"has-inline-color has-primary-color\">Innovation &amp; Research<\/mark><\/h4>\n<\/div>\n<\/div>\n\n\n\n<div class=\"wp-block-group has-global-padding is-layout-constrained wp-block-group-is-layout-constrained\">\n<h3 class=\"wp-block-heading\" style=\"font-size:clamp(14px, 0.875rem + ((1vw - 3.2px) * 0.625), 20px);line-height:1.5\">Accompaniment and support of research projects<\/h3>\n\n\n\n<p class=\"has-small-font-size\" style=\"margin-top:8px\">Technical expertise and project management in sustainable research and development projects focusing on heating, cooling, and power supply.<\/p>\n<\/div>\n<\/div>\n<\/div>\n\n\n\n<div class=\"wp-block-columns alignwide are-vertically-aligned-center is-layout-flex wp-container-core-columns-is-layout-28f84493 wp-block-columns-is-layout-flex\">\n<div class=\"wp-block-column is-vertically-aligned-center is-layout-flow wp-block-column-is-layout-flow\">\n<figure class=\"wp-block-image size-full\"><img loading=\"lazy\" decoding=\"async\" width=\"1024\" height=\"1024\" src=\"https:\/\/enerveritas.com\/wp-content\/uploads\/2025\/07\/aiease_1753537618144.jpg\" alt=\"\" class=\"wp-image-221\" style=\"aspect-ratio:1;object-fit:cover\" srcset=\"https:\/\/enerveritas.com\/wp-content\/uploads\/2025\/07\/aiease_1753537618144.jpg 1024w, https:\/\/enerveritas.com\/wp-content\/uploads\/2025\/07\/aiease_1753537618144-300x300.jpg 300w, https:\/\/enerveritas.com\/wp-content\/uploads\/2025\/07\/aiease_1753537618144-150x150.jpg 150w, https:\/\/enerveritas.com\/wp-content\/uploads\/2025\/07\/aiease_1753537618144-768x768.jpg 768w, https:\/\/enerveritas.com\/wp-content\/uploads\/2025\/07\/aiease_1753537618144-12x12.jpg 12w\" sizes=\"auto, (max-width: 1024px) 100vw, 1024px\" \/><\/figure>\n<\/div>\n\n\n\n<div class=\"wp-block-column is-vertically-aligned-center is-layout-flow wp-block-column-is-layout-flow\">\n<div class=\"wp-block-group has-global-padding is-layout-constrained wp-block-group-is-layout-constrained\">\n<div class=\"wp-block-group has-global-padding is-layout-constrained wp-block-group-is-layout-constrained\">\n<h4 class=\"wp-block-heading\" style=\"font-size:clamp(14px, 0.875rem + ((1vw - 3.2px) * 0.625), 20px);line-height:1.5\"><mark style=\"background-color:rgba(0, 0, 0, 0)\" class=\"has-inline-color has-primary-color\">Operation &amp; Development<\/mark><\/h4>\n<\/div>\n<\/div>\n\n\n\n<div class=\"wp-block-group has-global-padding is-layout-constrained wp-block-group-is-layout-constrained\">\n<h3 class=\"wp-block-heading\" style=\"font-size:clamp(14px, 0.875rem + ((1vw - 3.2px) * 0.625), 20px);line-height:1.5\">Monitoring and Optimization<\/h3>\n\n\n\n<p class=\"has-small-font-size\" style=\"margin-top:8px\">Continuous monitoring and improvement of your heating, cooling, and power supply to increase efficiency and savings.<\/p>\n<\/div>\n\n\n\n<div class=\"wp-block-group has-global-padding is-layout-constrained wp-block-group-is-layout-constrained\">\n<h3 class=\"wp-block-heading\" style=\"font-size:clamp(14px, 0.875rem + ((1vw - 3.2px) * 0.625), 20px);line-height:1.5\">Trainings and workshops<\/h3>\n\n\n\n<p class=\"has-small-font-size\" style=\"margin-top:8px\">Practice-oriented further training for your employees on sustainable heating, cooling, and power supply, technology, and funding opportunities.<\/p>\n<\/div>\n<\/div>\n<\/div>\n<\/div>\n\n\n\n<div class=\"wp-block-columns is-layout-flex wp-container-core-columns-is-layout-28f84493 wp-block-columns-is-layout-flex\">\n<div class=\"wp-block-column is-layout-flow wp-block-column-is-layout-flow\">\n<h2 class=\"wp-block-heading\"><strong>Tailor-made services<\/strong><br><strong>\u2013 contact us<\/strong><\/h2>\n<\/div>\n<\/div>\n\n\n\n<p>Should you be missing a service that is not listed here, do not hesitate to contact us. We will gladly check whether we can offer it to you. Simply use our <a href=\"https:\/\/enerveritas.com\/en\/contact\/\" title=\"Contact page\">Contact Page<\/a>.<\/p>\n\n\n\n<p><\/p>","protected":false},"excerpt":{"rendered":"<p>Ihre Experten f\u00fcr innovative Energiel\u00f6sungen und nachhaltige Versorgung Beratung &amp; Analyse Individuelle Beratung Pers\u00f6nliche&nbsp;Begleitung und&nbsp;ma\u00dfgeschneiderte L\u00f6sungen&nbsp;f\u00fcr nachhaltige W\u00e4rme-, K\u00e4lte- und Stromversorgung von&nbsp;der Idee bis&nbsp;zur Umsetzung. Energiebedarfsanalysen &amp; Audits Umfassende Analyse Ihres Energieverbrauchs f\u00fcr W\u00e4rme, K\u00e4lte und Strom sowie systematische Audits zur Identifikation von Einspar- und Optimierungspotenzialen. Planung &amp; Konzeptentwicklung Konzeptentwicklung nachhaltiger Energieversorgung Erstellung innovativer Konzepte [&hellip;]<\/p>\n","protected":false},"author":1,"featured_media":0,"parent":0,"menu_order":0,"comment_status":"closed","ping_status":"closed","template":"no-title","meta":{"_monsterinsights_skip_tracking":false,"_monsterinsights_sitenote_active":false,"_monsterinsights_sitenote_note":"","_monsterinsights_sitenote_category":0,"_uf_show_specific_survey":0,"_uf_disable_surveys":false,"footnotes":""},"class_list":["post-23","page","type-page","status-publish","hentry"],"aioseo_notices":[],"_links":{"self":[{"href":"https:\/\/enerveritas.com\/en\/wp-json\/wp\/v2\/pages\/23","targetHints":{"allow":["GET"]}}],"collection":[{"href":"https:\/\/enerveritas.com\/en\/wp-json\/wp\/v2\/pages"}],"about":[{"href":"https:\/\/enerveritas.com\/en\/wp-json\/wp\/v2\/types\/page"}],"author":[{"embeddable":true,"href":"https:\/\/enerveritas.com\/en\/wp-json\/wp\/v2\/users\/1"}],"replies":[{"embeddable":true,"href":"https:\/\/enerveritas.com\/en\/wp-json\/wp\/v2\/comments?post=23"}],"version-history":[{"count":24,"href":"https:\/\/enerveritas.com\/en\/wp-json\/wp\/v2\/pages\/23\/revisions"}],"predecessor-version":[{"id":246,"href":"https:\/\/enerveritas.com\/en\/wp-json\/wp\/v2\/pages\/23\/revisions\/246"}],"wp:attachment":[{"href":"https:\/\/enerveritas.com\/en\/wp-json\/wp\/v2\/media?parent=23"}],"curies":[{"name":"wp","href":"https:\/\/api.w.org\/{rel}","templated":true}]}}