{"id":153,"date":"2025-05-06T05:45:27","date_gmt":"2025-05-06T05:45:27","guid":{"rendered":"https:\/\/enerveritas.com\/?page_id=153"},"modified":"2026-01-06T14:17:02","modified_gmt":"2026-01-06T14:17:02","slug":"impressum","status":"publish","type":"page","link":"https:\/\/enerveritas.com\/en\/impressum\/","title":{"rendered":"Imprint"},"content":{"rendered":"<div class=\"wp-block-group alignfull has-foreground-background-color has-background has-global-padding is-layout-constrained wp-block-group-is-layout-constrained\" style=\"margin-top:0;margin-bottom:0;padding-top:0;padding-bottom:0\">\n<div class=\"wp-block-group alignwide has-global-padding is-layout-constrained wp-block-group-is-layout-constrained\" style=\"padding-top:var(--wp--preset--spacing--30);padding-bottom:var(--wp--preset--spacing--30)\">\n<h1 class=\"wp-block-heading alignwide has-background-color has-text-color\" style=\"font-size:clamp(0.875rem, 0.875rem + ((1vw - 0.2rem) * 0.625), 1.25rem);\">Imprint<\/h1>\n<\/div>\n<\/div>\n\n\n\n<div class=\"wp-block-group alignfull has-tertiary-background-color has-background has-global-padding is-layout-constrained wp-container-core-group-is-layout-fb85e995 wp-block-group-is-layout-constrained\" style=\"margin-top:0;margin-bottom:0;padding-top:var(--wp--preset--spacing--60);padding-right:var(--wp--preset--spacing--30);padding-bottom:var(--wp--preset--spacing--60);padding-left:var(--wp--preset--spacing--30)\">\n<h2 class=\"wp-block-heading has-text-align-center has-large-font-size\"><\/h2>\n\n\n\n<p><strong>Company name:<\/strong><br>EnerVeritas<\/p>\n\n\n\n<p><strong>Legal form:<\/strong><br>GmbH<\/p>\n\n\n\n<p><strong>Registered office:<\/strong><br>Wydeweg 6<br>5620 Bremgarten AG<br>Switzerland<\/p>\n\n\n\n<p><strong>Contact:<\/strong><br>Telefon: +41 78 316 16 94<br>Mail: a.lehe@enerveritas.com<br>Website: enerveritas.com<\/p>\n\n\n\n<p><strong>Commercial register entry:<\/strong><br>Registered in the commercial register of the Canton of Aargau, Switzerland<br>Nr.: CH-400-4457623-0<br><\/p>\n\n\n\n<p><strong>VAT identification number:<\/strong><br>Schweiz: CHE-160.993.346<br><\/p>\n\n\n\n<p><strong>Represented by:<\/strong><br><mark style=\"background-color:rgba(0, 0, 0, 0)\" class=\"has-inline-color has-foreground-color\">Alexander Lehe<\/mark><\/p>\n\n\n\n<p><\/p>\n\n\n\n<p><strong>Content responsible according to \u00a7 55 paragraph 2 RStV (Germany):<\/strong><br><mark style=\"background-color:rgba(0, 0, 0, 0);color:#ff0000\" class=\"has-inline-color\"><mark style=\"background-color:rgba(0, 0, 0, 0)\" class=\"has-inline-color has-foreground-color\">Alexander Lehe<\/mark><\/mark><br>Wydeweg 6<br>5620 Bremgarten AG<br>Switzerland<\/p>\n\n\n\n<p><\/p>\n\n\n\n<p class=\"has-text-align-center\" style=\"margin-top:16px\"><strong>Disclaimer:<\/strong><br>The contents of this website have been created with the greatest possible care. However, we do not guarantee the accuracy, completeness, and timeliness of the contents. Despite careful content control, we assume no liability for the contents of external links. The operators of the linked pages are solely responsible for their content.<\/p>\n<\/div>\n\n\n\n<p><\/p>","protected":false},"excerpt":{"rendered":"<p>Impressum Firmenname:EnerVeritas Rechtsform:GmbH Sitz:Wydeweg 65620 Bremgarten AGSchweiz Kontakt:Telefon: +41 78 316 16 94E-Mail: a.lehe@enerveritas.comWebseite: enerveritas.com Handelsregistereintrag:Eingetragen im Handelsregister des Kantons Aargau, SchweizNr.: CH-400-4457623-0 Umsatzsteuer-Identifikationsnummer:Schweiz: CHE-160.993.346 Vertreten durch:Alexander Lehe Inhaltlich verantwortlich gem\u00e4\u00df \u00a7 55 Abs. 2 RStV (Deutschland):Alexander LeheWydeweg 65620 Bremgarten AGSchweiz Haftungsausschluss:Die Inhalte dieser Webseite wurden mit gr\u00f6\u00dftm\u00f6glicher Sorgfalt erstellt. F\u00fcr die Richtigkeit, Vollst\u00e4ndigkeit und [&hellip;]<\/p>\n","protected":false},"author":1,"featured_media":0,"parent":0,"menu_order":-5,"comment_status":"closed","ping_status":"closed","template":"no-title","meta":{"_monsterinsights_skip_tracking":false,"_monsterinsights_sitenote_active":false,"_monsterinsights_sitenote_note":"","_monsterinsights_sitenote_category":0,"_uf_show_specific_survey":0,"_uf_disable_surveys":false,"footnotes":""},"class_list":["post-153","page","type-page","status-publish","hentry"],"aioseo_notices":[],"_links":{"self":[{"href":"https:\/\/enerveritas.com\/en\/wp-json\/wp\/v2\/pages\/153","targetHints":{"allow":["GET"]}}],"collection":[{"href":"https:\/\/enerveritas.com\/en\/wp-json\/wp\/v2\/pages"}],"about":[{"href":"https:\/\/enerveritas.com\/en\/wp-json\/wp\/v2\/types\/page"}],"author":[{"embeddable":true,"href":"https:\/\/enerveritas.com\/en\/wp-json\/wp\/v2\/users\/1"}],"replies":[{"embeddable":true,"href":"https:\/\/enerveritas.com\/en\/wp-json\/wp\/v2\/comments?post=153"}],"version-history":[{"count":10,"href":"https:\/\/enerveritas.com\/en\/wp-json\/wp\/v2\/pages\/153\/revisions"}],"predecessor-version":[{"id":254,"href":"https:\/\/enerveritas.com\/en\/wp-json\/wp\/v2\/pages\/153\/revisions\/254"}],"wp:attachment":[{"href":"https:\/\/enerveritas.com\/en\/wp-json\/wp\/v2\/media?parent=153"}],"curies":[{"name":"wp","href":"https:\/\/api.w.org\/{rel}","templated":true}]}}